{"id":366,"date":"2021-06-30T07:57:14","date_gmt":"2021-06-30T05:57:14","guid":{"rendered":"https:\/\/cefoprosa-org-467689.hostingersite.com\/?page_id=366"},"modified":"2021-06-30T08:25:42","modified_gmt":"2021-06-30T06:25:42","slug":"programmes-des-cours","status":"publish","type":"page","link":"https:\/\/cefoprosa.org\/index.php\/programmes-des-cours\/","title":{"rendered":"Calendrier des formations"},"content":{"rendered":"\n<p><\/p>\n\n\n\n<p style=\"font-size:20px\"><strong>Calendrier des cours d&#8217;allemand<\/strong><\/p>\n\n\n\n<p><\/p>\n\n\n\n<figure class=\"wp-block-table\"><table><tbody><tr><td>COURS D\u2019ALLEMAND<\/td><\/tr><tr><td><strong>Niveau<\/strong><\/td><td><strong>Date<\/strong><\/td><td><strong>Certificat\/ Examen Pr\u00e9par\u00e9<\/strong><\/td><td><strong>Prix<\/strong> <strong>&nbsp;<\/strong><\/td><\/tr><tr><td><strong>Niveau A1<\/strong><\/td><td>-26 Juillet-08 Octobre 2021 (11 semaines) &nbsp; &#8211; 11 Octobre- 23 D\u00e9cembre 2021 (11 Semaines) &nbsp;<\/td><td>&nbsp; Certificat&nbsp; A1 certifi\u00e9 par le centre CEFOPROSA<\/td><td>100&nbsp;000 FCFA Inscription&nbsp;: 10&nbsp;000 FCFA<\/td><\/tr><tr><td><strong>Niveau B1<\/strong><\/td><td>19 Juillet-08 Octobre 2021 (12 Semaines)<\/td><td>GOETHE ZERTIFIKAT B1 (Session Novembre\/D\u00e9cembre 2021)<\/td><td>100&nbsp;000 FCFA Inscription&nbsp;: 10&nbsp;000 FCFA<\/td><\/tr><tr><td><strong>Niveau B2<\/strong><\/td><td>-19 Juillet-08 Octobre 2021 (12 Semaines) &nbsp; &nbsp; -15 Novembre 2021-10 F\u00e9vrier 2022 (12 Semaines)<\/td><td>GOETHE ZERTIFIKAT B2 (Session Novembre\/ D\u00e9cembre 2021) &nbsp; GOETHE ZERTIFIKAT B2 (Session Mars\/Avril 2022)<\/td><td>120&nbsp;000 FCFA &nbsp; Inscription 10&nbsp;000 FCFA<\/td><\/tr><tr><td><strong>Pr\u00e9paration ZDAF B2<\/strong><\/td><td>11 Octobre- 05 Novembre 2021 (4 semaines) &nbsp; &nbsp; 14 F\u00e9vrier-11 Mars 2022<\/td><td>GOETHE ZERTIFIKAT B2 (Session Novembre\/ D\u00e9cembre 2021) &nbsp; GOETHE ZERTIFIKAT B2 (Session Mars\/Avril 2022)<\/td><td>25&nbsp;000 FCFA (internes) &nbsp; 35&nbsp;000 FCFA (externes)<\/td><\/tr><tr><td><strong>Niveau C1 (intensifs)<\/strong><\/td><td>14 Juin-06 Aout 2021 (08 Semaines)<\/td><td>TESTDAF (09 Septembre 2021)<\/td><td>100&nbsp;000 FCFA Inscription&nbsp;: 10&nbsp;000 FCFA<\/td><\/tr><tr><td><strong>Pr\u00e9paration TESTDAF<\/strong><\/td><td>09 Aout-06 Septembre 2021<\/td><td>TESTDAF (09 Septembre 2021)<\/td><td>30&nbsp;000 FCFA (Internes) &nbsp; 40&nbsp;000 FCFA (externes)<\/td><\/tr><\/tbody><\/table><\/figure>\n\n\n\n<div class=\"wp-block-file\"><a href=\"https:\/\/cefoprosa-org-467689.hostingersite.com\/wp-content\/uploads\/2021\/06\/Calendrier-ALLEMAND.pdf\">Calendrier-ALLEMAND<\/a><a href=\"https:\/\/cefoprosa-org-467689.hostingersite.com\/wp-content\/uploads\/2021\/06\/Calendrier-ALLEMAND.pdf\" class=\"wp-block-file__button\" download>T\u00e9l\u00e9charger<\/a><\/div>\n\n\n\n<p><\/p>\n\n\n\n<p><\/p>\n\n\n\n<p style=\"font-size:20px\"><strong>Calendrier des cours d&#8217;anglais<\/strong><\/p>\n\n\n\n<figure class=\"wp-block-table\"><table><tbody><tr><td><strong>COURS D\u2019ANGLAIS<\/strong><\/td><\/tr><tr><td><strong>A1 (elementary)<\/strong><\/td><td>19 Juillet \u2013 17 Septembre 2021 &nbsp; 20 Septembre-19 Novembre 2021<\/td><td>Certificat d\u00e9livr\u00e9 par le centre<\/td><td>25000 FCFA Inscription&nbsp;: 5000 FCFA<\/td><\/tr><tr><td><strong>A2 (pre-intermediate)<\/strong><\/td><td>19 Juillet-17 Septembre 2021 &nbsp; 20 Septembre-19 Novembre 2021<\/td><td>Certificat d\u00e9livr\u00e9 par le centre<\/td><td>25000 FCFA Inscription&nbsp;: 5000 FCFA<\/td><\/tr><tr><td><strong>B1 (intermediate 1)<\/strong><\/td><td>20 Septembre-19 Novembre 2021<\/td><td>Certificat d\u00e9livr\u00e9 par le centre<\/td><td>25000 FCFA Inscription&nbsp;: 5000 FCFA<\/td><\/tr><tr><td><strong>Cours de vacances utiles<\/strong> <strong>Anglais ordinaire<\/strong><\/td><td>19 Juillet-20 Aout 2021<\/td><td>Certificat d\u00e9livr\u00e9 par le centre<\/td><td>10000 FCFA Inscription 2000FCFA<\/td><\/tr><\/tbody><\/table><\/figure>\n\n\n\n<div class=\"wp-block-file\"><a href=\"https:\/\/cefoprosa-org-467689.hostingersite.com\/wp-content\/uploads\/2021\/06\/Calendrier-ANGLAIS.pdf\">Calendrier-ANGLAIS<\/a><a href=\"https:\/\/cefoprosa-org-467689.hostingersite.com\/wp-content\/uploads\/2021\/06\/Calendrier-ANGLAIS.pdf\" class=\"wp-block-file__button\" download>T\u00e9l\u00e9charger<\/a><\/div>\n\n\n\n<p><\/p>\n\n\n\n<p><\/p>\n\n\n\n<p style=\"font-size:20px\"><strong>Calendrier Cours de vacances Informatique\/Anglais<\/strong><\/p>\n\n\n\n<p><\/p>\n\n\n\n<figure class=\"wp-block-table\"><table><tbody><tr><td><strong>COURS DE VACANCE<\/strong><\/td><\/tr><tr><td><strong>Cours de vacances utiles<\/strong> <strong>Anglais ordinaire<\/strong><\/td><td>19 Juillet-20 Aout 2021 10h-12h<\/td><td>Certificat d\u00e9livr\u00e9 par le centre<\/td><td>10000 FCFA Inscription 2000FCFA<\/td><\/tr><tr><td><strong>Cours de vacances utiles<\/strong> <strong>Informatique<\/strong><\/td><td>19 Juillet-20 Aout 2021 12h-14h<\/td><td>Certificat d\u00e9livr\u00e9 par le centre<\/td><td>10000 FCFA Inscription 2000FCFA<\/td><\/tr><\/tbody><\/table><\/figure>\n\n\n\n<div class=\"wp-block-file\"><a href=\"https:\/\/cefoprosa-org-467689.hostingersite.com\/wp-content\/uploads\/2021\/06\/Calendrier-cours-de-vacances.pdf\">Calendrier-cours-de-vacances<\/a><a href=\"https:\/\/cefoprosa-org-467689.hostingersite.com\/wp-content\/uploads\/2021\/06\/Calendrier-cours-de-vacances.pdf\" class=\"wp-block-file__button\" download>T\u00e9l\u00e9charger<\/a><\/div>\n\n\n\n<p><\/p>\n","protected":false},"excerpt":{"rendered":"<p>Calendrier des cours d&#8217;allemand COURS D\u2019ALLEMAND Niveau Date Certificat\/ Examen Pr\u00e9par\u00e9 Prix &nbsp; Niveau A1 -26 Juillet-08 Octobre 2021 (11 semaines) &nbsp; &#8211; 11 Octobre- 23 D\u00e9cembre 2021 (11 Semaines) &nbsp; &nbsp; Certificat&nbsp; A1 certifi\u00e9 par le centre CEFOPROSA 100&nbsp;000 FCFA Inscription&nbsp;: 10&nbsp;000 FCFA Niveau B1 19 Juillet-08 Octobre 2021 (12 Semaines) GOETHE ZERTIFIKAT B1 [&hellip;]<\/p>\n","protected":false},"author":2,"featured_media":0,"parent":0,"menu_order":0,"comment_status":"closed","ping_status":"closed","template":"","meta":{"om_disable_all_campaigns":false,"_monsterinsights_skip_tracking":false,"_monsterinsights_sitenote_active":false,"_monsterinsights_sitenote_note":"","_monsterinsights_sitenote_category":0,"footnotes":""},"class_list":["post-366","page","type-page","status-publish","hentry"],"aioseo_notices":[],"_links":{"self":[{"href":"https:\/\/cefoprosa.org\/index.php\/wp-json\/wp\/v2\/pages\/366","targetHints":{"allow":["GET"]}}],"collection":[{"href":"https:\/\/cefoprosa.org\/index.php\/wp-json\/wp\/v2\/pages"}],"about":[{"href":"https:\/\/cefoprosa.org\/index.php\/wp-json\/wp\/v2\/types\/page"}],"author":[{"embeddable":true,"href":"https:\/\/cefoprosa.org\/index.php\/wp-json\/wp\/v2\/users\/2"}],"replies":[{"embeddable":true,"href":"https:\/\/cefoprosa.org\/index.php\/wp-json\/wp\/v2\/comments?post=366"}],"version-history":[{"count":5,"href":"https:\/\/cefoprosa.org\/index.php\/wp-json\/wp\/v2\/pages\/366\/revisions"}],"predecessor-version":[{"id":379,"href":"https:\/\/cefoprosa.org\/index.php\/wp-json\/wp\/v2\/pages\/366\/revisions\/379"}],"wp:attachment":[{"href":"https:\/\/cefoprosa.org\/index.php\/wp-json\/wp\/v2\/media?parent=366"}],"curies":[{"name":"wp","href":"https:\/\/api.w.org\/{rel}","templated":true}]}}