{"id":363,"date":"2021-06-30T07:56:38","date_gmt":"2021-06-30T05:56:38","guid":{"rendered":"https:\/\/cefoprosa-org-467689.hostingersite.com\/?page_id=363"},"modified":"2021-07-04T19:16:01","modified_gmt":"2021-07-04T17:16:01","slug":"fiche-dinscription","status":"publish","type":"page","link":"https:\/\/cefoprosa.org\/index.php\/fiche-dinscription\/","title":{"rendered":"Fiche d&#8217;inscription"},"content":{"rendered":"\n<p>Cette fiche doit \u00eatre d\u00fbment remplie et d\u00e9pos\u00e9e \u00e0 la direction de notre \u00e9tablissement<br>avant le d\u00e9but de la formation demand\u00e9e.<\/p>\n\n\n\n<div class=\"wp-block-file\"><a href=\"https:\/\/cefoprosa-org-467689.hostingersite.com\/wp-content\/uploads\/2021\/07\/CEFOPROSA-FICHE_-DINSCRIPTION-1.pdf\">CEFOPROSA-FICHE_-DINSCRIPTION-1<\/a><a href=\"https:\/\/cefoprosa-org-467689.hostingersite.com\/wp-content\/uploads\/2021\/07\/CEFOPROSA-FICHE_-DINSCRIPTION-1.pdf\" class=\"wp-block-file__button\" download>T\u00e9l\u00e9charger<\/a><\/div>\n","protected":false},"excerpt":{"rendered":"<p>Cette fiche doit \u00eatre d\u00fbment remplie et d\u00e9pos\u00e9e \u00e0 la direction de notre \u00e9tablissementavant le d\u00e9but de la formation demand\u00e9e.<\/p>\n","protected":false},"author":2,"featured_media":0,"parent":0,"menu_order":0,"comment_status":"closed","ping_status":"closed","template":"","meta":{"om_disable_all_campaigns":false,"_monsterinsights_skip_tracking":false,"_monsterinsights_sitenote_active":false,"_monsterinsights_sitenote_note":"","_monsterinsights_sitenote_category":0,"footnotes":""},"class_list":["post-363","page","type-page","status-publish","hentry"],"aioseo_notices":[],"_links":{"self":[{"href":"https:\/\/cefoprosa.org\/index.php\/wp-json\/wp\/v2\/pages\/363","targetHints":{"allow":["GET"]}}],"collection":[{"href":"https:\/\/cefoprosa.org\/index.php\/wp-json\/wp\/v2\/pages"}],"about":[{"href":"https:\/\/cefoprosa.org\/index.php\/wp-json\/wp\/v2\/types\/page"}],"author":[{"embeddable":true,"href":"https:\/\/cefoprosa.org\/index.php\/wp-json\/wp\/v2\/users\/2"}],"replies":[{"embeddable":true,"href":"https:\/\/cefoprosa.org\/index.php\/wp-json\/wp\/v2\/comments?post=363"}],"version-history":[{"count":4,"href":"https:\/\/cefoprosa.org\/index.php\/wp-json\/wp\/v2\/pages\/363\/revisions"}],"predecessor-version":[{"id":386,"href":"https:\/\/cefoprosa.org\/index.php\/wp-json\/wp\/v2\/pages\/363\/revisions\/386"}],"wp:attachment":[{"href":"https:\/\/cefoprosa.org\/index.php\/wp-json\/wp\/v2\/media?parent=363"}],"curies":[{"name":"wp","href":"https:\/\/api.w.org\/{rel}","templated":true}]}}