{"id":155,"date":"2021-06-05T22:40:53","date_gmt":"2021-06-05T20:40:53","guid":{"rendered":"https:\/\/cefoprosa-org-467689.hostingersite.com\/?page_id=155"},"modified":"2021-06-12T21:43:24","modified_gmt":"2021-06-12T19:43:24","slug":"niveau-a2-3","status":"publish","type":"page","link":"https:\/\/cefoprosa.org\/index.php\/niveau-a2-3\/","title":{"rendered":"Niveau A2"},"content":{"rendered":"\n<p class=\"justification_texte\">Le centre de formation professionnel Saint Andr\u00e9 vous offre les cours d&#8217;allemand de niveau A2 qui s&#8217;\u00e9tendent sur une dur\u00e9e de 11 semaines \u00e0 la fin de laquelle vous recevez une attestation de participation effective au cours et une attestation de fin de formation. <\/p>\n\n\n\n<p style=\"font-size:19px\"><strong>Descriptif<\/strong><\/p>\n\n\n\n<p class=\"justification_texte\">C&#8217;est le second niveau \u00e9l\u00e9mentaire apr\u00e8s le niveau A1. Il correspond \u00e0 un cota horaire de 150 unit\u00e9s de cours (U.C.=45min) \u00e9tendu sur une p\u00e9riode de 11 semaines. Les objectifs poursuivis sont nombreux. A la fin de la formation, l\u2019apprenant peut comprendre des phrases isol\u00e9es et des expressions fr\u00e9quemment utilis\u00e9es en relation avec des domaines de la vie quotidienne (comme par exemple des informations personnelles et relatives \u00e0 la famille, aux achats, au travail, \u00e0 l&#8217;environnement proche). Il peut \u00e9galement communiquer dans le cadre de situations simples et routini\u00e8res qui ne demandent qu&#8217;un \u00e9change d&#8217;informations simple et direct li\u00e9 \u00e0 des sujets familiers et bien connus. Il peut aussi \u00e9voquer en termes simples ses origines et sa formation, son environnement direct et des sujets correspondant \u00e0 des besoins imm\u00e9diats.<\/p>\n","protected":false},"excerpt":{"rendered":"<p>Le centre de formation professionnel Saint Andr\u00e9 vous offre les cours d&#8217;allemand de niveau A2 qui s&#8217;\u00e9tendent sur une dur\u00e9e de 11 semaines \u00e0 la fin de laquelle vous recevez une attestation de participation effective au cours et une attestation de fin de formation. Descriptif C&#8217;est le second niveau \u00e9l\u00e9mentaire apr\u00e8s le niveau A1. Il [&hellip;]<\/p>\n","protected":false},"author":1,"featured_media":332,"parent":0,"menu_order":0,"comment_status":"closed","ping_status":"closed","template":"","meta":{"om_disable_all_campaigns":false,"_monsterinsights_skip_tracking":false,"_monsterinsights_sitenote_active":false,"_monsterinsights_sitenote_note":"","_monsterinsights_sitenote_category":0,"footnotes":""},"class_list":["post-155","page","type-page","status-publish","has-post-thumbnail","hentry"],"aioseo_notices":[],"_links":{"self":[{"href":"https:\/\/cefoprosa.org\/index.php\/wp-json\/wp\/v2\/pages\/155","targetHints":{"allow":["GET"]}}],"collection":[{"href":"https:\/\/cefoprosa.org\/index.php\/wp-json\/wp\/v2\/pages"}],"about":[{"href":"https:\/\/cefoprosa.org\/index.php\/wp-json\/wp\/v2\/types\/page"}],"author":[{"embeddable":true,"href":"https:\/\/cefoprosa.org\/index.php\/wp-json\/wp\/v2\/users\/1"}],"replies":[{"embeddable":true,"href":"https:\/\/cefoprosa.org\/index.php\/wp-json\/wp\/v2\/comments?post=155"}],"version-history":[{"count":5,"href":"https:\/\/cefoprosa.org\/index.php\/wp-json\/wp\/v2\/pages\/155\/revisions"}],"predecessor-version":[{"id":338,"href":"https:\/\/cefoprosa.org\/index.php\/wp-json\/wp\/v2\/pages\/155\/revisions\/338"}],"wp:featuredmedia":[{"embeddable":true,"href":"https:\/\/cefoprosa.org\/index.php\/wp-json\/wp\/v2\/media\/332"}],"wp:attachment":[{"href":"https:\/\/cefoprosa.org\/index.php\/wp-json\/wp\/v2\/media?parent=155"}],"curies":[{"name":"wp","href":"https:\/\/api.w.org\/{rel}","templated":true}]}}