{"id":153,"date":"2021-06-05T22:40:24","date_gmt":"2021-06-05T20:40:24","guid":{"rendered":"https:\/\/cefoprosa-org-467689.hostingersite.com\/?page_id=153"},"modified":"2021-06-12T21:40:51","modified_gmt":"2021-06-12T19:40:51","slug":"niveau-a1-3","status":"publish","type":"page","link":"https:\/\/cefoprosa.org\/index.php\/niveau-a1-3\/","title":{"rendered":"Niveau A1"},"content":{"rendered":"\n<p class=\"justification_texte\">Le centre de formation professionnel Saint Andr\u00e9 vous offre les cours d&#8217;allemand de niveau A1 qui s&#8217;\u00e9tendent sur une p\u00e9riode de 11 semaines \u00e0 la fin desquelles vous recevez une attestation de participation effective au cours et une attestation de fin de formation.<\/p>\n\n\n\n<p class=\"justification_texte\">Il correspond \u00e0 un quota horaire de 150 unit\u00e9s de cours (U.C.=45min) \u00e9tendu sur une p\u00e9riode de 11 semaines.<\/p>\n\n\n\n<p style=\"font-size:19px\"><strong>Description<\/strong><\/p>\n\n\n\n<p class=\"justification_texte\"><br>Le niveau A1 correspond au niveau premier niveau \u00e9l\u00e9mentaire de la langue. A la fin de la formation, l\u2019apprenant peut comprendre et utiliser des expressions courantes et quotidiennes, ainsi que des \u00e9nonc\u00e9s tr\u00e8s simples qui visent \u00e0 satisfaire des besoins concrets. Il peut se pr\u00e9senter ou pr\u00e9senter autrui, poser \u00e0 une personne des questions la concernant \u2013 comme par exemple sur son lieu d&#8217;habitation, ses relations, ce qui lui appartient, etc. \u2013 et r\u00e9pondre au m\u00eame type de questions. Enfin, il peut communiquer de fa\u00e7on simple si l&#8217;interlocuteur parle lentement et distinctement et se montre coop\u00e9ratif.<\/p>\n\n\n\n<p class=\"justification_texte\">Le CEFOPROSA offre les cours de A1 \u00e0 chaque rentr\u00e9e de cours dont le programme peut \u00eatre consult\u00e9 sur la page d&#8217;accueil. <\/p>\n","protected":false},"excerpt":{"rendered":"<p>Le centre de formation professionnel Saint Andr\u00e9 vous offre les cours d&#8217;allemand de niveau A1 qui s&#8217;\u00e9tendent sur une p\u00e9riode de 11 semaines \u00e0 la fin desquelles vous recevez une attestation de participation effective au cours et une attestation de fin de formation. Il correspond \u00e0 un quota horaire de 150 unit\u00e9s de cours (U.C.=45min) [&hellip;]<\/p>\n","protected":false},"author":1,"featured_media":329,"parent":0,"menu_order":0,"comment_status":"closed","ping_status":"closed","template":"","meta":{"om_disable_all_campaigns":false,"_monsterinsights_skip_tracking":false,"_monsterinsights_sitenote_active":false,"_monsterinsights_sitenote_note":"","_monsterinsights_sitenote_category":0,"footnotes":""},"class_list":["post-153","page","type-page","status-publish","has-post-thumbnail","hentry"],"aioseo_notices":[],"_links":{"self":[{"href":"https:\/\/cefoprosa.org\/index.php\/wp-json\/wp\/v2\/pages\/153","targetHints":{"allow":["GET"]}}],"collection":[{"href":"https:\/\/cefoprosa.org\/index.php\/wp-json\/wp\/v2\/pages"}],"about":[{"href":"https:\/\/cefoprosa.org\/index.php\/wp-json\/wp\/v2\/types\/page"}],"author":[{"embeddable":true,"href":"https:\/\/cefoprosa.org\/index.php\/wp-json\/wp\/v2\/users\/1"}],"replies":[{"embeddable":true,"href":"https:\/\/cefoprosa.org\/index.php\/wp-json\/wp\/v2\/comments?post=153"}],"version-history":[{"count":4,"href":"https:\/\/cefoprosa.org\/index.php\/wp-json\/wp\/v2\/pages\/153\/revisions"}],"predecessor-version":[{"id":336,"href":"https:\/\/cefoprosa.org\/index.php\/wp-json\/wp\/v2\/pages\/153\/revisions\/336"}],"wp:featuredmedia":[{"embeddable":true,"href":"https:\/\/cefoprosa.org\/index.php\/wp-json\/wp\/v2\/media\/329"}],"wp:attachment":[{"href":"https:\/\/cefoprosa.org\/index.php\/wp-json\/wp\/v2\/media?parent=153"}],"curies":[{"name":"wp","href":"https:\/\/api.w.org\/{rel}","templated":true}]}}