{"id":147,"date":"2021-06-05T22:38:41","date_gmt":"2021-06-05T20:38:41","guid":{"rendered":"https:\/\/cefoprosa-org-467689.hostingersite.com\/?page_id=147"},"modified":"2021-06-12T22:22:59","modified_gmt":"2021-06-12T20:22:59","slug":"niveau-b1-2","status":"publish","type":"page","link":"https:\/\/cefoprosa.org\/index.php\/niveau-b1-2\/","title":{"rendered":"Niveau B1"},"content":{"rendered":"\n<p class=\"justification_texte\">Le centre de formation professionnel Saint Andr\u00e9 vous offre les cours d&#8217;allemand de niveau B1 qui s&#8217;\u00e9tendent sur une p\u00e9riode de 12 semaines \u00e0 la fin desquelles vous recevez une attestation de participation effective au cours et une attestation de fin de formation. Vous \u00eates \u00e9galement apte \u00e0 vous pr\u00e9senter \u00e0 l&#8217;examen certifiant de l&#8217;Institut Goethe, le <strong>Goethe Zertifikat B1<\/strong>.<\/p>\n\n\n\n<p class=\"justification_texte\">Il correspond \u00e0 un quota horaire de 160 unit\u00e9s de cours (U.C.=45min) \u00e9tendu sur une p\u00e9riode de 12 semaines. Chaque classe est compos\u00e9e de 8 \u00e0 12 apprenants. <\/p>\n\n\n\n<p class=\"justification_texte\" style=\"font-size:19px\"><strong>Descriptif<\/strong><\/p>\n\n\n\n<p class=\"justification_texte\">Ce cours correspond au premier niveau &#8220;Ind\u00e9pendant&#8221;. Ici, l&#8217;apprenant peut comprendre les points essentiels \u00e0 condition qu&#8217;un langage typique et clair soit utilis\u00e9 et qu&#8217;il s&#8217;agisse de sujets familiers li\u00e9s au travail, \u00e0 l&#8217;\u00e9cole, aux loisirs etc. Il peut se d\u00e9brouiller dans la plupart des situations rencontr\u00e9es lors de voyages. Peut s&#8217;exprimer de fa\u00e7on simple et coh\u00e9rente sur des sujets familiers et dans ses domaines d&#8217;int\u00e9r\u00eat. Il peut aussi raconter ses exp\u00e9riences ou un \u00e9v\u00e9nement, ses r\u00eaves et ses espoirs, d\u00e9crire un but et donner bri\u00e8vement les raisons et explications de ses opinions ou projets.<\/p>\n","protected":false},"excerpt":{"rendered":"<p>Le centre de formation professionnel Saint Andr\u00e9 vous offre les cours d&#8217;allemand de niveau B1 qui s&#8217;\u00e9tendent sur une p\u00e9riode de 12 semaines \u00e0 la fin desquelles vous recevez une attestation de participation effective au cours et une attestation de fin de formation. Vous \u00eates \u00e9galement apte \u00e0 vous pr\u00e9senter \u00e0 l&#8217;examen certifiant de l&#8217;Institut [&hellip;]<\/p>\n","protected":false},"author":1,"featured_media":343,"parent":0,"menu_order":0,"comment_status":"closed","ping_status":"closed","template":"","meta":{"om_disable_all_campaigns":false,"_monsterinsights_skip_tracking":false,"_monsterinsights_sitenote_active":false,"_monsterinsights_sitenote_note":"","_monsterinsights_sitenote_category":0,"footnotes":""},"class_list":["post-147","page","type-page","status-publish","has-post-thumbnail","hentry"],"aioseo_notices":[],"_links":{"self":[{"href":"https:\/\/cefoprosa.org\/index.php\/wp-json\/wp\/v2\/pages\/147","targetHints":{"allow":["GET"]}}],"collection":[{"href":"https:\/\/cefoprosa.org\/index.php\/wp-json\/wp\/v2\/pages"}],"about":[{"href":"https:\/\/cefoprosa.org\/index.php\/wp-json\/wp\/v2\/types\/page"}],"author":[{"embeddable":true,"href":"https:\/\/cefoprosa.org\/index.php\/wp-json\/wp\/v2\/users\/1"}],"replies":[{"embeddable":true,"href":"https:\/\/cefoprosa.org\/index.php\/wp-json\/wp\/v2\/comments?post=147"}],"version-history":[{"count":2,"href":"https:\/\/cefoprosa.org\/index.php\/wp-json\/wp\/v2\/pages\/147\/revisions"}],"predecessor-version":[{"id":341,"href":"https:\/\/cefoprosa.org\/index.php\/wp-json\/wp\/v2\/pages\/147\/revisions\/341"}],"wp:featuredmedia":[{"embeddable":true,"href":"https:\/\/cefoprosa.org\/index.php\/wp-json\/wp\/v2\/media\/343"}],"wp:attachment":[{"href":"https:\/\/cefoprosa.org\/index.php\/wp-json\/wp\/v2\/media?parent=147"}],"curies":[{"name":"wp","href":"https:\/\/api.w.org\/{rel}","templated":true}]}}